{"id":60,"date":"2016-11-21T14:32:37","date_gmt":"2016-11-21T13:32:37","guid":{"rendered":"http:\/\/www.priceless-shaw.217-160-21-33.plesk.page\/?page_id=60"},"modified":"2023-11-19T11:10:47","modified_gmt":"2023-11-19T10:10:47","slug":"quienes-somos","status":"publish","type":"page","link":"https:\/\/priceless-shaw.217-160-21-33.plesk.page\/index.php\/quienes-somos\/","title":{"rendered":"\u00bfQui\u00e9nes somos?"},"content":{"rendered":"<p>Esta publicaci\u00f3n electr\u00f3nica e independiente se mantiene sin una periodicidad determinada, abierta a quienes desean reflexionar sobre los mensajes audiovisuales en el mundo contempor\u00e1neo, en cualquier lugar y circunstancia.<\/p>\n<p><strong>Editor: <\/strong><\/p>\n<p style=\"padding-left: 30px;\"><a href=\"https:\/\/www.ucm.es\/garciaserrano\/\" target=\"_blank\" rel=\"noopener noreferrer\">Federico Garc\u00eda Serrano<\/a><\/p>\n<p><strong>Colaboraron en su construcci\u00f3n:<\/strong><\/p>\n<p style=\"padding-left: 30px;\"><a href=\"https:\/\/www.priceless-shaw.217-160-21-33.plesk.page\/wp-content\/uploads\/2016\/11\/CV-LEDA-ARTAVIA-1-1.pdf\" target=\"_blank\" rel=\"noopener noreferrer\">Leda Artavia\u00a0Rojas<\/a><\/p>\n<p style=\"padding-left: 30px;\"><a href=\"https:\/\/www.priceless-shaw.217-160-21-33.plesk.page\/wp-content\/uploads\/2016\/11\/NATALIA-MONSEGUR-BORENSZTEJN-publicar.pdf\" target=\"_blank\" rel=\"noopener noreferrer\">Natalia Monsegur Borensztejn<\/a><\/p>\n<p style=\"padding-left: 30px;\"><a href=\"https:\/\/www.priceless-shaw.217-160-21-33.plesk.page\/wp-content\/uploads\/2016\/11\/Joanna-Bardzinska-CV.pdf\" target=\"_blank\" rel=\"noopener noreferrer\">Joanna Bardzinska\u00a0<\/a><\/p>\n<p style=\"padding-left: 30px;\"><a href=\"https:\/\/www.priceless-shaw.217-160-21-33.plesk.page\/wp-content\/uploads\/2016\/11\/Claudia-L\u00f3pez-Fr\u00edas.pdf\" target=\"_blank\" rel=\"noopener noreferrer\">Claudia L\u00f3pez Fr\u00edas<\/a><\/p>\n<p style=\"padding-left: 30px;\"><a href=\"https:\/\/www.priceless-shaw.217-160-21-33.plesk.page\/wp-content\/uploads\/2016\/11\/Marta-Garc\u00eda-Sahag\u00fan.pdf\" target=\"_blank\" rel=\"noopener noreferrer\">Marta Garc\u00eda Sahag\u00fan<\/a><\/p>\n<p style=\"padding-left: 30px;\"><a href=\"https:\/\/www.priceless-shaw.217-160-21-33.plesk.page\/wp-content\/uploads\/2016\/11\/Luis-Deltell-Escolar.pdf\" target=\"_blank\" rel=\"noopener noreferrer\">Luis Deltell Escolar<\/a><\/p>\n<p style=\"padding-left: 30px;\"><a href=\"https:\/\/www.priceless-shaw.217-160-21-33.plesk.page\/wp-content\/uploads\/2016\/11\/N\u00e9stor-Juez-Rojo.pdf\" target=\"_blank\" rel=\"noopener\">N\u00e9stor Juez Rojo<\/a><\/p>\n<p style=\"padding-left: 30px;\"><a href=\"https:\/\/www.priceless-shaw.217-160-21-33.plesk.page\/wp-content\/uploads\/2018\/03\/CURRICULUM-VITAE-brenda-para-el-puente-rojo.pdf\" target=\"_blank\" rel=\"noopener\">Brenda B\u00e1scones Cornejo\u00a0<\/a><\/p>\n<p style=\"padding-left: 30px;\"><a href=\"https:\/\/www.priceless-shaw.217-160-21-33.plesk.page\/wp-content\/uploads\/2019\/02\/jorge-de-paz-pati\u00f1o.-colaboradores.pdf\" target=\"_blank\" rel=\"noopener\">Jorge de Paz Pati\u00f1o<\/a><\/p>\n<p style=\"text-align: center;\"><a href=\"mailto:contacto@priceless-shaw.217-160-21-33.plesk.page\"><img loading=\"lazy\" decoding=\"async\" class=\"alignnone wp-image-493 \" src=\"https:\/\/www.priceless-shaw.217-160-21-33.plesk.page\/wp-content\/uploads\/2016\/11\/263093.png\" width=\"108\" height=\"108\" srcset=\"https:\/\/priceless-shaw.217-160-21-33.plesk.page\/wp-content\/uploads\/2016\/11\/263093.png 256w, https:\/\/priceless-shaw.217-160-21-33.plesk.page\/wp-content\/uploads\/2016\/11\/263093-150x150.png 150w\" sizes=\"auto, (max-width: 108px) 100vw, 108px\" \/><\/a><\/p>\n<h4 style=\"text-align: center;\"><a href=\"mailto:federing@ucm.es\" target=\"_blank\" rel=\"noopener\">federing@ucm.es<\/a><\/h4>\n<h5 style=\"text-align: center;\">Direcci\u00f3n postal: C\/ Hermanos Velasco L\u00f3pez 61, 28250, Torrelodones (Madrid, Espa\u00f1a)<\/h5>\n<p style=\"text-align: center;\"><img loading=\"lazy\" decoding=\"async\" class=\"alignnone wp-image-575\" src=\"https:\/\/www.priceless-shaw.217-160-21-33.plesk.page\/wp-content\/uploads\/2016\/11\/by-nc-nd.eu_petit1.png\" alt=\"\" width=\"138\" height=\"48\" \/><\/p>\n<h6 style=\"text-align: center;\">Con licencia Creative Commons. Algunos derechos reservados. No se permite el uso comercial de la obra ni la generaci\u00f3n de obras derivadas. S\u00ed las citas, con referencia expresa a la publicaci\u00f3n y al autor del art\u00edculo citado.<\/h6>\n<h6 style=\"text-align: center;\"><img loading=\"lazy\" decoding=\"async\" class=\"alignnone wp-image-583\" src=\"https:\/\/www.priceless-shaw.217-160-21-33.plesk.page\/wp-content\/uploads\/2017\/01\/ojo-spoiler-copiar.jpg\" alt=\"\" width=\"72\" height=\"63\" \/><\/h6>\n<h6 style=\"text-align: center;\">\u00a0Icono de advertencia de posible spolier, elaborado sobre un ojo de Freepik Flaticon Basic License \/\u00a0http:\/\/www.freepik.es\/.\u00a0La foto de portada procede del Ch\u00e2teau De la Bourdaisi\u00e8re, en MontLouis sur Loire, Exposici\u00f3n de jardines (autor desconocido)<\/h6>\n<h6 style=\"text-align: center;\">Web Master \/ Apoyo t\u00e9cnico a la edici\u00f3n: Daniel P. Alonso<\/h6>\n<p style=\"text-align: center;\">____________________________________________________________<\/p>\n<p style=\"text-align: center;\"><strong>PROYECTO:\u00a0<\/strong><\/p>\n<p style=\"text-align: justify;\"><strong><em>El puente rojo<\/em><\/strong> es una publicaci\u00f3n independiente de cr\u00edtica y an\u00e1lisis f\u00edlmico, que presta especial atenci\u00f3n a las nuevas tendencias de la narrativa cinematogr\u00e1fica, definiendo temporalmente l\u00edneas de trabajo que iremos renovando (por ejemplo, inicialmente, Cine por la paz \/ Festivales de cine independiente, etc\u2026).<\/p>\n<p style=\"text-align: justify;\"><strong><em>El puente rojo<\/em><\/strong> nace con la filosof\u00eda de un blog\u2026 un blog abierto y compartido, escrito por gente interesada por el cine, a la que le gusta reflexionar y compartir sus ideas con los dem\u00e1s.<\/p>\n<p style=\"text-align: justify;\"><strong>\u00bfCu\u00e1les son los contenidos de <em>El puente rojo<\/em>?<\/strong><\/p>\n<p style=\"text-align: justify;\">Fundamentalmente pretendemos hacer cr\u00edtica y an\u00e1lisis de las pel\u00edculas m\u00e1s innovadoras o de inter\u00e9s por sus contenidos en relaci\u00f3n a las l\u00edneas de investigaci\u00f3n abiertas. Por tanto, una reflexi\u00f3n sobre el cine m\u00e1s reciente y las nuevas tendencias. No queremos profundizar en la distinci\u00f3n entre cr\u00edtica y an\u00e1lisis, entendemos que no existe una buena cr\u00edtica sin an\u00e1lisis, y que un an\u00e1lisis que no tiene un esp\u00edritu cr\u00edtico puede quedar en simple ejercicio ret\u00f3rico y vac\u00edo&#8230;\u00a0La publicaci\u00f3n tiene cinco tipos de contenidos:<\/p>\n<ol>\n<li><strong>An\u00e1lisis cr\u00edtico (Art\u00edculos en portada)<\/strong>. Son trabajos de reflexi\u00f3n y an\u00e1lisis, se publican en pdf para descarga y su posible lectura en papel y en aquellos casos en que es posible se redifunden entre la comunidad universitaria a trav\u00e9s de los <strong><em>e-prints<\/em> <\/strong>de la UCM.<\/li>\n<li><strong>Impresiones (Cr\u00edtica de pel\u00edculas).<\/strong> Son impresiones r\u00e1pidas, primeras sensaciones tras el visionado de una pel\u00edcula, cuyo objetivo es elaborar un juicio cr\u00edtico.<\/li>\n<li><strong>Cine por la paz<\/strong>. Recogemos comentarios cr\u00edticos sobre pel\u00edculas que aportan historias y motivos de reflexi\u00f3n sobre la convivencia y las aportaciones al entendimiento entre comunidades enfrentadas por conflictos b\u00e9licos.<\/li>\n<li><strong>Textos<\/strong>. Ejercicio libre de ideas y pensamientos, abierto a todo tipo de contenidos.<\/li>\n<li><strong>Informaciones de inter\u00e9s.\u00a0<\/strong>El objetivo es conducir al lector hacia portales y contenidos de inter\u00e9s general.<\/li>\n<\/ol>\n<p style=\"text-align: justify;\"><strong>\u00bfA qui\u00e9n nos dirigimos? \u00bfA qui\u00e9n creemos que puede interesar nuestra revista?<\/strong><\/p>\n<p style=\"text-align: justify;\">El puente rojo es una publicaci\u00f3n independiente, creada en colaboraci\u00f3n con diferentes personas en el \u00e1mbito de la Universidad Complutense de Madrid, pero que mantiene una l\u00ednea de trabajo propio, m\u00e1s pr\u00f3ximo a la filosof\u00eda de un blog.<\/p>\n<p style=\"text-align: justify;\"><strong>\u00bfQui\u00e9n edita esta revista?\u00a0<\/strong><\/p>\n<p style=\"text-align: justify;\">El <strong>puente rojo<\/strong> es una publicaci\u00f3n totalmente independiente. Naci\u00f3 en el \u00e1mbito de la universidad espa\u00f1ola, la UCM de Madrid, porque las personas que contribuyeron a dar forma al proyecto estuvimos vinculados a esta universidad, algunos como profesores y otros como alumnos de doctorado, de grado, o del M\u00e1ster en Comunicaci\u00f3n en la Era Digital\u2026Pero <strong>El puente rojo<\/strong> no tiene mantiene ninguna vinculaci\u00f3n institucional, quiere ser un espacio libre e independiente donde se respeta la libertad de expresi\u00f3n y de an\u00e1lisis, que se difunde en abierto por la red y que no acepta contenidos comerciales ni publicidad.<\/p>\n<p style=\"text-align: justify;\"><strong>Una revista en idioma espa\u00f1ol: un lugar de encuentro<\/strong><\/p>\n<p style=\"text-align: justify;\">Por fortuna nuestro idioma espa\u00f1ol, el castellano, es compartido por una comunidad de m\u00e1s de quinientos millones de personas repartidas por los cinco continentes, es el tercer idioma m\u00e1s hablado del planeta. Frente a la imposici\u00f3n del ingl\u00e9s como lenguaje cient\u00edfico, que se fomenta incluso desde nuestra propia universidad, queremos reivindicar nuestro idioma como herramienta de comunicaci\u00f3n en trabajos de humanidades y ciencias sociales.<\/p>\n<p style=\"text-align: justify;\">El cine es un lugar de encuentro. Entre la vida real y el mundo on\u00edrico de nuestros sue\u00f1os, nosotros queremos abrir un puente hacia ese universo de lo cinematogr\u00e1fico que configura una memoria com\u00fan, un mundo imaginario de realidades compartidas y universales. Esto tiene un gran valor para el entendimiento y la convivencia\u2026 en un mundo tan fragmentado por las fronteras, los nacionalismos, los mercados\u2026 el cine, como toda la cultura, es como una patria com\u00fan y universal donde todos tenemos un lugar de encuentro que no es otro que nuestras miradas, nuestras emociones, nuestros sentimientos\u2026 todo lo que compartimos a trav\u00e9s de las pel\u00edculas.<\/p>\n<p style=\"text-align: center;\"><strong>NORMAS DE EDICI\u00d3N<\/strong><\/p>\n<ol style=\"text-align: justify;\">\n<li>Peri\u00f3dicamente fijaremos las l\u00edneas de trabajo y las normas de funcionamiento de la revista. La revista no tendr\u00e1 una periodicidad predeterminada, sino que se acoger\u00e1 a una filosof\u00eda de actualizaci\u00f3n on-line, tal como se funciona en los blogs. La publicaci\u00f3n se estructurar\u00e1 por secciones, con temas de portada y archivo. Adem\u00e1s incluir\u00e1 p\u00e1ginas de contactos, enlaces, bases de datos, documentaci\u00f3n y recomendaciones de contenidos de otros portales.<\/li>\n<\/ol>\n<ol style=\"text-align: justify;\" start=\"2\">\n<li>Los art\u00edculos sobre pel\u00edculas se publicar\u00e1n a seg\u00fan el criterio del editor y a propuesta de cualquiera de las personas de un equipo abierto de colaboradores.<\/li>\n<\/ol>\n<ol style=\"text-align: justify;\" start=\"3\">\n<li>Los colaboradores pasar\u00e1n a integrarse en el equipo de trabajo de la revista, con aportaciones voluntarias y durante el tiempo que deseen.<\/li>\n<\/ol>\n<ol style=\"text-align: justify;\" start=\"4\">\n<li><u>Los art\u00edculos y trabajos de cr\u00edtica y an\u00e1lisis de pel\u00edculas tendr\u00e1n una extensi\u00f3n orientativa entre seis y doce p\u00e1ginas, escritos preferiblemente en Word, letra Times New Roman, tipo 10.<\/u> Podr\u00e1n incluir citas a pie de p\u00e1gina, utiliz\u00e1ndose el procedimiento de cita que se estime oportuno. Tambi\u00e9n se estima conveniente incorporar fotogramas de los films, acogi\u00e9ndonos al derecho de cita, integrados en el an\u00e1lisis.<\/li>\n<\/ol>\n<ol style=\"text-align: justify;\" start=\"5\">\n<li>Para su publicaci\u00f3n, ser\u00e1n editados en pdf a dos columnas, maquetados para ser ocasionalmente impresos en papel, incluso en el futuro incorporados a los <u>anuarios previstos en e-Book<\/u> para su posible distribuci\u00f3n como revistas electr\u00f3nicas en este formato. Los autores podr\u00e1n optar por enviarlos en uno u otro formato, acogi\u00e9ndose a estas normas de edici\u00f3n.\u00a0Se entender\u00e1 que todos los trabajos se publican con licencia creative commons, debi\u00e9ndose en todo caso citar su procedencia y firma, y no podr\u00e1n ser transformados.<\/li>\n<\/ol>\n<p style=\"text-align: center;\"><strong><span style=\"color: #ff0000;\">CONTACTO<\/span><br \/>\n<\/strong><\/p>\n<p style=\"text-align: center;\">El correo electr\u00f3nico de contacto es:<\/p>\n<p style=\"text-align: center;\"><a href=\"federing@ucm.es\" target=\"_blank\" rel=\"noopener\">federing@ucm.es<\/a><\/p>\n<p style=\"text-align: justify;\"><strong>\u00a0<\/strong><\/p>\n","protected":false},"excerpt":{"rendered":"<p>Esta publicaci\u00f3n electr\u00f3nica e independiente se mantiene sin una periodicidad determinada, abierta a quienes desean reflexionar sobre los mensajes audiovisuales en el mundo contempor\u00e1neo, en cualquier lugar y circunstancia. Editor: Federico Garc\u00eda Serrano Colaboraron en su construcci\u00f3n: Leda Artavia\u00a0Rojas Natalia Monsegur Borensztejn Joanna Bardzinska\u00a0 Claudia L\u00f3pez Fr\u00edas Marta Garc\u00eda Sahag\u00fan Luis Deltell Escolar N\u00e9stor Juez&#8230;<\/p>\n","protected":false},"author":1,"featured_media":0,"parent":0,"menu_order":0,"comment_status":"closed","ping_status":"closed","template":"","meta":{"footnotes":""},"class_list":["post-60","page","type-page","status-publish","hentry"],"_links":{"self":[{"href":"https:\/\/priceless-shaw.217-160-21-33.plesk.page\/index.php\/wp-json\/wp\/v2\/pages\/60","targetHints":{"allow":["GET"]}}],"collection":[{"href":"https:\/\/priceless-shaw.217-160-21-33.plesk.page\/index.php\/wp-json\/wp\/v2\/pages"}],"about":[{"href":"https:\/\/priceless-shaw.217-160-21-33.plesk.page\/index.php\/wp-json\/wp\/v2\/types\/page"}],"author":[{"embeddable":true,"href":"https:\/\/priceless-shaw.217-160-21-33.plesk.page\/index.php\/wp-json\/wp\/v2\/users\/1"}],"replies":[{"embeddable":true,"href":"https:\/\/priceless-shaw.217-160-21-33.plesk.page\/index.php\/wp-json\/wp\/v2\/comments?post=60"}],"version-history":[{"count":52,"href":"https:\/\/priceless-shaw.217-160-21-33.plesk.page\/index.php\/wp-json\/wp\/v2\/pages\/60\/revisions"}],"predecessor-version":[{"id":2341,"href":"https:\/\/priceless-shaw.217-160-21-33.plesk.page\/index.php\/wp-json\/wp\/v2\/pages\/60\/revisions\/2341"}],"wp:attachment":[{"href":"https:\/\/priceless-shaw.217-160-21-33.plesk.page\/index.php\/wp-json\/wp\/v2\/media?parent=60"}],"curies":[{"name":"wp","href":"https:\/\/api.w.org\/{rel}","templated":true}]}}